{"id":8250,"date":"2023-04-05T12:12:40","date_gmt":"2023-04-05T12:12:40","guid":{"rendered":"https:\/\/astoria.rs\/?page_id=8250"},"modified":"2023-04-05T12:29:56","modified_gmt":"2023-04-05T12:29:56","slug":"zaposlenje","status":"publish","type":"page","link":"https:\/\/astoria.rs\/en\/zaposlenje\/","title":{"rendered":"ZAPOSLENJE"},"content":{"rendered":"<div data-elementor-type=\"wp-page\" data-elementor-id=\"8250\" class=\"elementor elementor-8250\">\n\t\t\t\t\t\t<section class=\"elementor-section elementor-top-section elementor-element elementor-element-daac58d elementor-section-boxed elementor-section-height-default elementor-section-height-default\" data-id=\"daac58d\" data-element_type=\"section\">\n\t\t\t\t\t\t<div class=\"elementor-container elementor-column-gap-default\">\n\t\t\t\t\t<div class=\"elementor-column elementor-col-100 elementor-top-column elementor-element elementor-element-e0f334f\" data-id=\"e0f334f\" data-element_type=\"column\">\n\t\t\t<div class=\"elementor-widget-wrap elementor-element-populated\">\n\t\t\t\t\t\t<div class=\"elementor-element elementor-element-bb2bad9 elementor-widget elementor-widget-spacer\" data-id=\"bb2bad9\" data-element_type=\"widget\" data-widget_type=\"spacer.default\">\n\t\t\t\t<div class=\"elementor-widget-container\">\n\t\t\t\t\t<div class=\"elementor-spacer\">\n\t\t\t<div class=\"elementor-spacer-inner\"><\/div>\n\t\t<\/div>\n\t\t\t\t<\/div>\n\t\t\t\t<\/div>\n\t\t\t\t\t<\/div>\n\t\t<\/div>\n\t\t\t\t\t<\/div>\n\t\t<\/section>\n\t\t\t\t<section class=\"elementor-section elementor-top-section elementor-element elementor-element-38f43fe0 elementor-section-boxed elementor-section-height-default elementor-section-height-default\" data-id=\"38f43fe0\" data-element_type=\"section\">\n\t\t\t\t\t\t<div class=\"elementor-container elementor-column-gap-default\">\n\t\t\t\t\t<div class=\"elementor-column elementor-col-50 elementor-top-column elementor-element elementor-element-5314301e\" data-id=\"5314301e\" data-element_type=\"column\">\n\t\t\t<div class=\"elementor-widget-wrap elementor-element-populated\">\n\t\t\t\t\t\t<div class=\"elementor-element elementor-element-173a2b99 elementor-widget elementor-widget-text-editor\" data-id=\"173a2b99\" data-element_type=\"widget\" data-widget_type=\"text-editor.default\">\n\t\t\t\t<div class=\"elementor-widget-container\">\n\t\t\t\t\t\t\t<h2>ZAPOSLENJE<br \/><br \/><\/h2><p>Da li ste ambiciozni? Posve\u0107eni? Uporni? Dobri ste u poslovnoj komunikaciji? Orjentisani na klijenta? Dobar timski igra\u010d? Lojalni?<\/p><p>Da li \u017eelite da radite u grupaciji gde karijeru ne razvijate na tradicionalan na\u010din, ve\u0107 u skladu sa Va\u0161im individualnim potrebama, mogu\u0107nostima i bez ograni\u010denja?<\/p><p>Popunite i po\u0161aljite obrazac i ubrzo \u0107emo stupiti u kontakt sa Vama!<\/p>\t\t\t\t\t\t<\/div>\n\t\t\t\t<\/div>\n\t\t\t\t\t<\/div>\n\t\t<\/div>\n\t\t\t\t<div class=\"elementor-column elementor-col-50 elementor-top-column elementor-element elementor-element-adb3ca4\" data-id=\"adb3ca4\" data-element_type=\"column\">\n\t\t\t<div class=\"elementor-widget-wrap elementor-element-populated\">\n\t\t\t\t\t\t<div class=\"elementor-element elementor-element-8e94a34 elementor-widget elementor-widget-cf7\" data-id=\"8e94a34\" data-element_type=\"widget\" data-widget_type=\"cf7.default\">\n\t\t\t\t<div class=\"elementor-widget-container\">\n\t\t\t\n\t\t<div class=\"nd_elements_cf7_component\">\n\t\t\t<p class=\"wpcf7-contact-form-not-found\"><strong>Error:<\/strong> Contact form not found.<\/p>\n\t\t<\/div>\t\t<\/div>\n\t\t\t\t<\/div>\n\t\t\t\t\t<\/div>\n\t\t<\/div>\n\t\t\t\t\t<\/div>\n\t\t<\/section>\n\t\t\t\t<section class=\"elementor-section elementor-top-section elementor-element elementor-element-07f12f2 elementor-section-boxed elementor-section-height-default elementor-section-height-default\" data-id=\"07f12f2\" data-element_type=\"section\">\n\t\t\t\t\t\t<div class=\"elementor-container elementor-column-gap-default\">\n\t\t\t\t\t<div class=\"elementor-column elementor-col-100 elementor-top-column elementor-element elementor-element-2305a1a\" data-id=\"2305a1a\" data-element_type=\"column\">\n\t\t\t<div class=\"elementor-widget-wrap elementor-element-populated\">\n\t\t\t\t\t\t<div class=\"elementor-element elementor-element-77334ea elementor-widget elementor-widget-spacer\" data-id=\"77334ea\" data-element_type=\"widget\" data-widget_type=\"spacer.default\">\n\t\t\t\t<div class=\"elementor-widget-container\">\n\t\t\t\t\t<div class=\"elementor-spacer\">\n\t\t\t<div class=\"elementor-spacer-inner\"><\/div>\n\t\t<\/div>\n\t\t\t\t<\/div>\n\t\t\t\t<\/div>\n\t\t\t\t\t<\/div>\n\t\t<\/div>\n\t\t\t\t\t<\/div>\n\t\t<\/section>\n\t\t\t\t<\/div>","protected":false},"excerpt":{"rendered":"<p>ZAPOSLENJE Da li ste ambiciozni? Posve\u0107eni? Uporni? Dobri ste u poslovnoj komunikaciji? Orjentisani na klijenta? Dobar timski igra\u010d? Lojalni? Da li \u017eelite da radite u grupaciji gde karijeru ne razvijate na tradicionalan na\u010din, ve\u0107 u skladu sa Va\u0161im individualnim potrebama, mogu\u0107nostima i bez ograni\u010denja? Popunite i po\u0161aljite obrazac i ubrzo \u0107emo stupiti u kontakt sa [&hellip;]<\/p>","protected":false},"author":1,"featured_media":0,"parent":0,"menu_order":0,"comment_status":"closed","ping_status":"closed","template":"","meta":{"footnotes":""},"class_list":["post-8250","page","type-page","status-publish","hentry"],"_links":{"self":[{"href":"https:\/\/astoria.rs\/en\/wp-json\/wp\/v2\/pages\/8250","targetHints":{"allow":["GET"]}}],"collection":[{"href":"https:\/\/astoria.rs\/en\/wp-json\/wp\/v2\/pages"}],"about":[{"href":"https:\/\/astoria.rs\/en\/wp-json\/wp\/v2\/types\/page"}],"author":[{"embeddable":true,"href":"https:\/\/astoria.rs\/en\/wp-json\/wp\/v2\/users\/1"}],"replies":[{"embeddable":true,"href":"https:\/\/astoria.rs\/en\/wp-json\/wp\/v2\/comments?post=8250"}],"version-history":[{"count":18,"href":"https:\/\/astoria.rs\/en\/wp-json\/wp\/v2\/pages\/8250\/revisions"}],"predecessor-version":[{"id":8277,"href":"https:\/\/astoria.rs\/en\/wp-json\/wp\/v2\/pages\/8250\/revisions\/8277"}],"wp:attachment":[{"href":"https:\/\/astoria.rs\/en\/wp-json\/wp\/v2\/media?parent=8250"}],"curies":[{"name":"wp","href":"https:\/\/api.w.org\/{rel}","templated":true}]}}